{"id":393,"date":"2020-03-24T12:44:46","date_gmt":"2020-03-24T15:44:46","guid":{"rendered":"https:\/\/equipdiagnostica.com.br\/global\/?page_id=393"},"modified":"2025-08-29T16:53:26","modified_gmt":"2025-08-29T19:53:26","slug":"bioquimica","status":"publish","type":"page","link":"https:\/\/equipdiagnostica.com.br\/global\/bioquimica\/","title":{"rendered":"Bioquimica"},"content":{"rendered":"\t\t<div data-elementor-type=\"wp-page\" data-elementor-id=\"393\" class=\"elementor elementor-393\" data-elementor-post-type=\"page\">\n\t\t\t\t\t\t<section class=\"elementor-section elementor-top-section elementor-element elementor-element-6e83c85b elementor-section-stretched elementor-section-height-min-height elementor-section-boxed elementor-section-height-default elementor-section-items-middle\" data-id=\"6e83c85b\" data-element_type=\"section\" data-settings=\"{&quot;stretch_section&quot;:&quot;section-stretched&quot;,&quot;background_background&quot;:&quot;classic&quot;,&quot;jet_parallax_layout_list&quot;:[]}\">\n\t\t\t\t\t\t\t<div class=\"elementor-background-overlay\"><\/div>\n\t\t\t\t\t\t\t<div class=\"elementor-container elementor-column-gap-default\">\n\t\t\t\t\t<div class=\"elementor-column elementor-col-100 elementor-top-column elementor-element elementor-element-7792251c\" data-id=\"7792251c\" data-element_type=\"column\">\n\t\t\t<div class=\"elementor-widget-wrap elementor-element-populated\">\n\t\t\t\t\t\t<div class=\"elementor-element elementor-element-7e139c8d elementor-widget elementor-widget-heading\" data-id=\"7e139c8d\" data-element_type=\"widget\" data-widget_type=\"heading.default\">\n\t\t\t\t<div class=\"elementor-widget-container\">\n\t\t\t<span class=\"elementor-heading-title elementor-size-default\">Equipamentos de Bioqu\u00edmica<\/span>\t\t<\/div>\n\t\t\t\t<\/div>\n\t\t\t\t\t<\/div>\n\t\t<\/div>\n\t\t\t\t\t<\/div>\n\t\t<\/section>\n\t\t\t\t<section class=\"elementor-section elementor-top-section elementor-element elementor-element-ee36a55 elementor-section-boxed elementor-section-height-default elementor-section-height-default\" data-id=\"ee36a55\" data-element_type=\"section\" data-settings=\"{&quot;jet_parallax_layout_list&quot;:[]}\">\n\t\t\t\t\t\t<div class=\"elementor-container elementor-column-gap-default\">\n\t\t\t\t\t<div class=\"elementor-column elementor-col-100 elementor-top-column elementor-element elementor-element-5cbf076\" data-id=\"5cbf076\" data-element_type=\"column\">\n\t\t\t<div class=\"elementor-widget-wrap elementor-element-populated\">\n\t\t\t\t\t\t<div class=\"elementor-element elementor-element-ffbe249 elementor-widget elementor-widget-image\" data-id=\"ffbe249\" data-element_type=\"widget\" data-widget_type=\"image.default\">\n\t\t\t\t<div class=\"elementor-widget-container\">\n\t\t\t\t\t\t\t\t\t\t\t\t\t<img decoding=\"async\" width=\"150\" height=\"150\" src=\"https:\/\/equipdiagnostica.com.br\/global\/wp-content\/uploads\/2020\/03\/ceb731df0e414e1e8f99f626ef5b622e-Copia.jpg\" class=\"attachment-large size-large wp-image-91\" alt=\"\" \/>\t\t\t\t\t\t\t\t\t\t\t\t\t<\/div>\n\t\t\t\t<\/div>\n\t\t\t\t\t<\/div>\n\t\t<\/div>\n\t\t\t\t\t<\/div>\n\t\t<\/section>\n\t\t\t\t<section class=\"elementor-section elementor-top-section elementor-element elementor-element-2ec0331 elementor-section-boxed elementor-section-height-default elementor-section-height-default\" data-id=\"2ec0331\" data-element_type=\"section\" data-settings=\"{&quot;jet_parallax_layout_list&quot;:[]}\">\n\t\t\t\t\t\t<div class=\"elementor-container elementor-column-gap-default\">\n\t\t\t\t\t<div class=\"elementor-column elementor-col-100 elementor-top-column elementor-element elementor-element-80ba2aa\" data-id=\"80ba2aa\" data-element_type=\"column\">\n\t\t\t<div class=\"elementor-widget-wrap elementor-element-populated\">\n\t\t\t\t\t\t<div class=\"elementor-element elementor-element-96e5767 elementor-posts__hover-none elementor-grid-3 elementor-grid-tablet-2 elementor-grid-mobile-1 elementor-posts--thumbnail-top elementor-widget elementor-widget-posts\" data-id=\"96e5767\" data-element_type=\"widget\" data-settings=\"{&quot;cards_row_gap&quot;:{&quot;unit&quot;:&quot;px&quot;,&quot;size&quot;:28,&quot;sizes&quot;:[]},&quot;pagination_type&quot;:&quot;numbers&quot;,&quot;cards_columns&quot;:&quot;3&quot;,&quot;cards_columns_tablet&quot;:&quot;2&quot;,&quot;cards_columns_mobile&quot;:&quot;1&quot;,&quot;cards_row_gap_tablet&quot;:{&quot;unit&quot;:&quot;px&quot;,&quot;size&quot;:&quot;&quot;,&quot;sizes&quot;:[]},&quot;cards_row_gap_mobile&quot;:{&quot;unit&quot;:&quot;px&quot;,&quot;size&quot;:&quot;&quot;,&quot;sizes&quot;:[]}}\" data-widget_type=\"posts.cards\">\n\t\t\t\t<div class=\"elementor-widget-container\">\n\t\t\t\t\t<div class=\"elementor-posts-container elementor-posts elementor-posts--skin-cards elementor-grid\">\n\t\t\t\t<article class=\"elementor-post elementor-grid-item post-2101 post type-post status-publish format-standard has-post-thumbnail hentry category-bioquimica-equipamentos category-equipamentos category-zybio-bioquimica-equipamentos\">\n\t\t\t<div class=\"elementor-post__card\">\n\t\t\t\t<a class=\"elementor-post__thumbnail__link\" href=\"https:\/\/equipdiagnostica.com.br\/global\/exc400\/\" tabindex=\"-1\" ><div class=\"elementor-post__thumbnail\"><img fetchpriority=\"high\" decoding=\"async\" width=\"300\" height=\"173\" src=\"https:\/\/equipdiagnostica.com.br\/global\/wp-content\/uploads\/2022\/06\/EXC-400-\u4fa7\u9762-300x173.png\" class=\"attachment-medium size-medium wp-image-4488\" alt=\"\" srcset=\"https:\/\/equipdiagnostica.com.br\/global\/wp-content\/uploads\/2022\/06\/EXC-400-\u4fa7\u9762-300x173.png 300w, https:\/\/equipdiagnostica.com.br\/global\/wp-content\/uploads\/2022\/06\/EXC-400-\u4fa7\u9762-768x442.png 768w, https:\/\/equipdiagnostica.com.br\/global\/wp-content\/uploads\/2022\/06\/EXC-400-\u4fa7\u9762.png 1000w\" sizes=\"(max-width: 300px) 100vw, 300px\" \/><\/div><\/a>\n\t\t\t\t<div class=\"elementor-post__text\">\n\t\t\t\t<h3 class=\"elementor-post__title\">\n\t\t\t<a href=\"https:\/\/equipdiagnostica.com.br\/global\/exc400\/\" >\n\t\t\t\tEXC400 \/ 420\t\t\t<\/a>\n\t\t<\/h3>\n\t\t\t\t<div class=\"elementor-post__excerpt\">\n\t\t\t<p>EXC 400\/420 Analisador Autom\u00e1tico de Bioqu\u00edmica Fale com um especialista agora Desempenho superior O EXC400\/ 420 \u00e9 um analisador qu\u00edmico automatizado de ch\u00e3o que executa<\/p>\n\t\t<\/div>\n\t\t\n\t\t<a class=\"elementor-post__read-more\" href=\"https:\/\/equipdiagnostica.com.br\/global\/exc400\/\" aria-label=\"Read more about EXC400 \/ 420\" tabindex=\"-1\" >\n\t\t\tMais informa\u00e7\u00f5es\t\t<\/a>\n\n\t\t\t\t<\/div>\n\t\t\t\t\t<\/div>\n\t\t<\/article>\n\t\t\t\t<article class=\"elementor-post elementor-grid-item post-359 post type-post status-publish format-standard has-post-thumbnail hentry category-bioquimica-equipamentos category-equipamentos category-zybio-bioquimica-equipamentos\">\n\t\t\t<div class=\"elementor-post__card\">\n\t\t\t\t<a class=\"elementor-post__thumbnail__link\" href=\"https:\/\/equipdiagnostica.com.br\/global\/zybio-exc200\/\" tabindex=\"-1\" ><div class=\"elementor-post__thumbnail\"><img decoding=\"async\" width=\"300\" height=\"260\" src=\"https:\/\/equipdiagnostica.com.br\/global\/wp-content\/uploads\/2020\/03\/7.jpg\" class=\"attachment-medium size-medium wp-image-482\" alt=\"\" \/><\/div><\/a>\n\t\t\t\t<div class=\"elementor-post__text\">\n\t\t\t\t<h3 class=\"elementor-post__title\">\n\t\t\t<a href=\"https:\/\/equipdiagnostica.com.br\/global\/zybio-exc200\/\" >\n\t\t\t\tEXC200\t\t\t<\/a>\n\t\t<\/h3>\n\t\t\t\t<div class=\"elementor-post__excerpt\">\n\t\t\t<p>Analisador Autom\u00e1tico de Bioqu\u00edmica<\/p>\n\t\t<\/div>\n\t\t\n\t\t<a class=\"elementor-post__read-more\" href=\"https:\/\/equipdiagnostica.com.br\/global\/zybio-exc200\/\" aria-label=\"Read more about EXC200\" tabindex=\"-1\" >\n\t\t\tMais informa\u00e7\u00f5es\t\t<\/a>\n\n\t\t\t\t<\/div>\n\t\t\t\t\t<\/div>\n\t\t<\/article>\n\t\t\t\t<\/div>\n\t\t\n\t\t\t\t<\/div>\n\t\t\t\t<\/div>\n\t\t\t\t<div class=\"elementor-element elementor-element-987a767 elementor-widget elementor-widget-image\" data-id=\"987a767\" data-element_type=\"widget\" data-widget_type=\"image.default\">\n\t\t\t\t<div class=\"elementor-widget-container\">\n\t\t\t\t\t\t\t\t\t\t\t\t\t<img loading=\"lazy\" decoding=\"async\" width=\"1024\" height=\"284\" src=\"https:\/\/equipdiagnostica.com.br\/global\/wp-content\/uploads\/2025\/07\/n9-elementos-logos3-1024x284.png\" class=\"attachment-large size-large wp-image-4081\" alt=\"\" srcset=\"https:\/\/equipdiagnostica.com.br\/global\/wp-content\/uploads\/2025\/07\/n9-elementos-logos3-1024x284.png 1024w, https:\/\/equipdiagnostica.com.br\/global\/wp-content\/uploads\/2025\/07\/n9-elementos-logos3-300x83.png 300w, https:\/\/equipdiagnostica.com.br\/global\/wp-content\/uploads\/2025\/07\/n9-elementos-logos3-768x213.png 768w, https:\/\/equipdiagnostica.com.br\/global\/wp-content\/uploads\/2025\/07\/n9-elementos-logos3-1536x427.png 1536w, https:\/\/equipdiagnostica.com.br\/global\/wp-content\/uploads\/2025\/07\/n9-elementos-logos3-2048x569.png 2048w\" sizes=\"(max-width: 1024px) 100vw, 1024px\" \/>\t\t\t\t\t\t\t\t\t\t\t\t\t<\/div>\n\t\t\t\t<\/div>\n\t\t\t\t\t<\/div>\n\t\t<\/div>\n\t\t\t\t\t<\/div>\n\t\t<\/section>\n\t\t\t\t<section class=\"elementor-section elementor-top-section elementor-element elementor-element-62505a0 elementor-section-boxed elementor-section-height-default elementor-section-height-default\" data-id=\"62505a0\" data-element_type=\"section\" data-settings=\"{&quot;jet_parallax_layout_list&quot;:[]}\">\n\t\t\t\t\t\t<div class=\"elementor-container elementor-column-gap-default\">\n\t\t\t\t\t<div class=\"elementor-column elementor-col-100 elementor-top-column elementor-element elementor-element-48a7629\" data-id=\"48a7629\" data-element_type=\"column\">\n\t\t\t<div class=\"elementor-widget-wrap elementor-element-populated\">\n\t\t\t\t\t\t<div class=\"elementor-element elementor-element-bb9207f elementor-posts__hover-none elementor-grid-3 elementor-grid-tablet-2 elementor-grid-mobile-1 elementor-posts--thumbnail-top elementor-widget elementor-widget-posts\" data-id=\"bb9207f\" data-element_type=\"widget\" data-settings=\"{&quot;cards_row_gap&quot;:{&quot;unit&quot;:&quot;px&quot;,&quot;size&quot;:28,&quot;sizes&quot;:[]},&quot;pagination_type&quot;:&quot;numbers&quot;,&quot;cards_columns&quot;:&quot;3&quot;,&quot;cards_columns_tablet&quot;:&quot;2&quot;,&quot;cards_columns_mobile&quot;:&quot;1&quot;,&quot;cards_row_gap_tablet&quot;:{&quot;unit&quot;:&quot;px&quot;,&quot;size&quot;:&quot;&quot;,&quot;sizes&quot;:[]},&quot;cards_row_gap_mobile&quot;:{&quot;unit&quot;:&quot;px&quot;,&quot;size&quot;:&quot;&quot;,&quot;sizes&quot;:[]}}\" data-widget_type=\"posts.cards\">\n\t\t\t\t<div class=\"elementor-widget-container\">\n\t\t\t\t\t<div class=\"elementor-posts-container elementor-posts elementor-posts--skin-cards elementor-grid\">\n\t\t\t\t<article class=\"elementor-post elementor-grid-item post-4020 post type-post status-publish format-standard has-post-thumbnail hentry category-equip-bio category-equip-vet category-equipamentos\">\n\t\t\t<div class=\"elementor-post__card\">\n\t\t\t\t<a class=\"elementor-post__thumbnail__link\" href=\"https:\/\/equipdiagnostica.com.br\/global\/esr-200\/\" tabindex=\"-1\" ><div class=\"elementor-post__thumbnail\"><img loading=\"lazy\" decoding=\"async\" width=\"300\" height=\"206\" src=\"https:\/\/equipdiagnostica.com.br\/global\/wp-content\/uploads\/2025\/08\/ESR-200-300x206.png\" class=\"attachment-medium size-medium wp-image-4022\" alt=\"\" srcset=\"https:\/\/equipdiagnostica.com.br\/global\/wp-content\/uploads\/2025\/08\/ESR-200-300x206.png 300w, https:\/\/equipdiagnostica.com.br\/global\/wp-content\/uploads\/2025\/08\/ESR-200-1024x703.png 1024w, https:\/\/equipdiagnostica.com.br\/global\/wp-content\/uploads\/2025\/08\/ESR-200-768x527.png 768w, https:\/\/equipdiagnostica.com.br\/global\/wp-content\/uploads\/2025\/08\/ESR-200.png 1328w\" sizes=\"(max-width: 300px) 100vw, 300px\" \/><\/div><\/a>\n\t\t\t\t<div class=\"elementor-post__text\">\n\t\t\t\t<h3 class=\"elementor-post__title\">\n\t\t\t<a href=\"https:\/\/equipdiagnostica.com.br\/global\/esr-200\/\" >\n\t\t\t\tESR200\t\t\t<\/a>\n\t\t<\/h3>\n\t\t\t\t<div class=\"elementor-post__excerpt\">\n\t\t\t<p>ESR 200 VET Analisador Qu\u00edmico Semiautom\u00e1tico Ideal para quem valoriza tecnologia, confiabilidade e efici\u00eancia, o ESR 200 \u00e9 o equipamento certo para elevar o padr\u00e3o<\/p>\n\t\t<\/div>\n\t\t\n\t\t<a class=\"elementor-post__read-more\" href=\"https:\/\/equipdiagnostica.com.br\/global\/esr-200\/\" aria-label=\"Read more about ESR200\" tabindex=\"-1\" >\n\t\t\tMais informa\u00e7\u00f5es\t\t<\/a>\n\n\t\t\t\t<\/div>\n\t\t\t\t\t<\/div>\n\t\t<\/article>\n\t\t\t\t<article class=\"elementor-post elementor-grid-item post-3958 post type-post status-publish format-standard has-post-thumbnail hentry category-equip-bio category-equipamentos\">\n\t\t\t<div class=\"elementor-post__card\">\n\t\t\t\t<a class=\"elementor-post__thumbnail__link\" href=\"https:\/\/equipdiagnostica.com.br\/global\/esr100\/\" tabindex=\"-1\" ><div class=\"elementor-post__thumbnail\"><img loading=\"lazy\" decoding=\"async\" width=\"300\" height=\"243\" src=\"https:\/\/equipdiagnostica.com.br\/global\/wp-content\/uploads\/2025\/07\/esr200ok-300x243.png\" class=\"attachment-medium size-medium wp-image-3971\" alt=\"\" srcset=\"https:\/\/equipdiagnostica.com.br\/global\/wp-content\/uploads\/2025\/07\/esr200ok-300x243.png 300w, https:\/\/equipdiagnostica.com.br\/global\/wp-content\/uploads\/2025\/07\/esr200ok.png 537w\" sizes=\"(max-width: 300px) 100vw, 300px\" \/><\/div><\/a>\n\t\t\t\t<div class=\"elementor-post__text\">\n\t\t\t\t<h3 class=\"elementor-post__title\">\n\t\t\t<a href=\"https:\/\/equipdiagnostica.com.br\/global\/esr100\/\" >\n\t\t\t\tESR100\t\t\t<\/a>\n\t\t<\/h3>\n\t\t\t\t<div class=\"elementor-post__excerpt\">\n\t\t\t<p>ESR 100 Analisador Qu\u00edmicoSemiautom\u00e1tico. Ideal para quem valoriza tecnologia, confiabilidade e efici\u00eancia, o ESR100 \u00e9 o equipamento certo para elevar o padr\u00e3o do seu laborat\u00f3rio.<\/p>\n\t\t<\/div>\n\t\t\n\t\t<a class=\"elementor-post__read-more\" href=\"https:\/\/equipdiagnostica.com.br\/global\/esr100\/\" aria-label=\"Read more about ESR100\" tabindex=\"-1\" >\n\t\t\tMais informa\u00e7\u00f5es\t\t<\/a>\n\n\t\t\t\t<\/div>\n\t\t\t\t\t<\/div>\n\t\t<\/article>\n\t\t\t\t<\/div>\n\t\t\n\t\t\t\t<\/div>\n\t\t\t\t<\/div>\n\t\t\t\t\t<\/div>\n\t\t<\/div>\n\t\t\t\t\t<\/div>\n\t\t<\/section>\n\t\t\t\t<\/div>\n\t\t","protected":false},"excerpt":{"rendered":"<p>Equipamentos de Bioqu\u00edmica<\/p>\n","protected":false},"author":1,"featured_media":0,"parent":0,"menu_order":0,"comment_status":"closed","ping_status":"closed","template":"elementor_header_footer","meta":{"footnotes":""},"class_list":["post-393","page","type-page","status-publish","hentry"],"_links":{"self":[{"href":"https:\/\/equipdiagnostica.com.br\/global\/wp-json\/wp\/v2\/pages\/393","targetHints":{"allow":["GET"]}}],"collection":[{"href":"https:\/\/equipdiagnostica.com.br\/global\/wp-json\/wp\/v2\/pages"}],"about":[{"href":"https:\/\/equipdiagnostica.com.br\/global\/wp-json\/wp\/v2\/types\/page"}],"author":[{"embeddable":true,"href":"https:\/\/equipdiagnostica.com.br\/global\/wp-json\/wp\/v2\/users\/1"}],"replies":[{"embeddable":true,"href":"https:\/\/equipdiagnostica.com.br\/global\/wp-json\/wp\/v2\/comments?post=393"}],"version-history":[{"count":19,"href":"https:\/\/equipdiagnostica.com.br\/global\/wp-json\/wp\/v2\/pages\/393\/revisions"}],"predecessor-version":[{"id":4350,"href":"https:\/\/equipdiagnostica.com.br\/global\/wp-json\/wp\/v2\/pages\/393\/revisions\/4350"}],"wp:attachment":[{"href":"https:\/\/equipdiagnostica.com.br\/global\/wp-json\/wp\/v2\/media?parent=393"}],"curies":[{"name":"wp","href":"https:\/\/api.w.org\/{rel}","templated":true}]}}