{"id":179,"date":"2020-03-09T15:36:10","date_gmt":"2020-03-09T18:36:10","guid":{"rendered":"https:\/\/equipdiagnostica.com.br\/global\/?page_id=179"},"modified":"2025-06-17T14:14:23","modified_gmt":"2025-06-17T17:14:23","slug":"equipamentos-para-hematologia","status":"publish","type":"page","link":"https:\/\/equipdiagnostica.com.br\/global\/equipamentos-para-hematologia\/","title":{"rendered":"Equipamentos para hematologia"},"content":{"rendered":"\t\t<div data-elementor-type=\"wp-page\" data-elementor-id=\"179\" class=\"elementor elementor-179\" data-elementor-post-type=\"page\">\n\t\t\t\t\t\t<section class=\"elementor-section elementor-top-section elementor-element elementor-element-6e83c85b elementor-section-stretched elementor-section-height-min-height elementor-section-boxed elementor-section-height-default elementor-section-items-middle\" data-id=\"6e83c85b\" data-element_type=\"section\" data-settings=\"{&quot;stretch_section&quot;:&quot;section-stretched&quot;,&quot;background_background&quot;:&quot;classic&quot;,&quot;jet_parallax_layout_list&quot;:[]}\">\n\t\t\t\t\t\t\t<div class=\"elementor-background-overlay\"><\/div>\n\t\t\t\t\t\t\t<div class=\"elementor-container elementor-column-gap-default\">\n\t\t\t\t\t<div class=\"elementor-column elementor-col-100 elementor-top-column elementor-element elementor-element-7792251c\" data-id=\"7792251c\" data-element_type=\"column\">\n\t\t\t<div class=\"elementor-widget-wrap elementor-element-populated\">\n\t\t\t\t\t\t<div class=\"elementor-element elementor-element-7e139c8d elementor-widget elementor-widget-heading\" data-id=\"7e139c8d\" data-element_type=\"widget\" data-widget_type=\"heading.default\">\n\t\t\t\t<div class=\"elementor-widget-container\">\n\t\t\t<span class=\"elementor-heading-title elementor-size-default\">Equipamentos de Hematologia<\/span>\t\t<\/div>\n\t\t\t\t<\/div>\n\t\t\t\t\t<\/div>\n\t\t<\/div>\n\t\t\t\t\t<\/div>\n\t\t<\/section>\n\t\t\t\t<section class=\"elementor-section elementor-top-section elementor-element elementor-element-889cce3 elementor-section-boxed elementor-section-height-default elementor-section-height-default\" data-id=\"889cce3\" data-element_type=\"section\" data-settings=\"{&quot;background_background&quot;:&quot;classic&quot;,&quot;jet_parallax_layout_list&quot;:[]}\">\n\t\t\t\t\t\t<div class=\"elementor-container elementor-column-gap-default\">\n\t\t\t\t\t<div class=\"elementor-column elementor-col-100 elementor-top-column elementor-element elementor-element-b9e6356\" data-id=\"b9e6356\" data-element_type=\"column\">\n\t\t\t<div class=\"elementor-widget-wrap elementor-element-populated\">\n\t\t\t\t\t\t<div class=\"elementor-element elementor-element-94a2954 elementor-widget elementor-widget-menu-anchor\" data-id=\"94a2954\" data-element_type=\"widget\" data-widget_type=\"menu-anchor.default\">\n\t\t\t\t<div class=\"elementor-widget-container\">\n\t\t\t\t\t<div class=\"elementor-menu-anchor\" id=\"hematologia\"><\/div>\n\t\t\t\t<\/div>\n\t\t\t\t<\/div>\n\t\t\t\t<div class=\"elementor-element elementor-element-f3ef87b elementor-widget elementor-widget-heading\" data-id=\"f3ef87b\" data-element_type=\"widget\" data-widget_type=\"heading.default\">\n\t\t\t\t<div class=\"elementor-widget-container\">\n\t\t\t<span class=\"elementor-heading-title elementor-size-default\">Hematologia<\/span>\t\t<\/div>\n\t\t\t\t<\/div>\n\t\t\t\t\t<\/div>\n\t\t<\/div>\n\t\t\t\t\t<\/div>\n\t\t<\/section>\n\t\t\t\t<section class=\"elementor-section elementor-top-section elementor-element elementor-element-65f743f elementor-section-boxed elementor-section-height-default elementor-section-height-default\" data-id=\"65f743f\" data-element_type=\"section\" data-settings=\"{&quot;jet_parallax_layout_list&quot;:[]}\">\n\t\t\t\t\t\t<div class=\"elementor-container elementor-column-gap-default\">\n\t\t\t\t\t<div class=\"elementor-column elementor-col-100 elementor-top-column elementor-element elementor-element-60138bb\" data-id=\"60138bb\" data-element_type=\"column\">\n\t\t\t<div class=\"elementor-widget-wrap elementor-element-populated\">\n\t\t\t\t\t\t<div class=\"elementor-element elementor-element-9c67cd3 elementor-widget elementor-widget-image\" data-id=\"9c67cd3\" data-element_type=\"widget\" data-widget_type=\"image.default\">\n\t\t\t\t<div class=\"elementor-widget-container\">\n\t\t\t\t\t\t\t\t\t\t\t\t\t<img decoding=\"async\" width=\"150\" height=\"150\" src=\"https:\/\/equipdiagnostica.com.br\/global\/wp-content\/uploads\/2020\/03\/ceb731df0e414e1e8f99f626ef5b622e-Copia.jpg\" class=\"attachment-large size-large wp-image-91\" alt=\"\" \/>\t\t\t\t\t\t\t\t\t\t\t\t\t<\/div>\n\t\t\t\t<\/div>\n\t\t\t\t\t<\/div>\n\t\t<\/div>\n\t\t\t\t\t<\/div>\n\t\t<\/section>\n\t\t\t\t<section class=\"elementor-section elementor-top-section elementor-element elementor-element-891a1ec elementor-section-boxed elementor-section-height-default elementor-section-height-default\" data-id=\"891a1ec\" data-element_type=\"section\" data-settings=\"{&quot;jet_parallax_layout_list&quot;:[]}\">\n\t\t\t\t\t\t<div class=\"elementor-container elementor-column-gap-default\">\n\t\t\t\t\t<div class=\"elementor-column elementor-col-100 elementor-top-column elementor-element elementor-element-5f58718\" data-id=\"5f58718\" data-element_type=\"column\">\n\t\t\t<div class=\"elementor-widget-wrap elementor-element-populated\">\n\t\t\t\t\t\t<div class=\"elementor-element elementor-element-b1d966c elementor-posts__hover-none elementor-grid-3 elementor-grid-tablet-2 elementor-grid-mobile-1 elementor-posts--thumbnail-top elementor-widget elementor-widget-posts\" data-id=\"b1d966c\" data-element_type=\"widget\" data-settings=\"{&quot;cards_row_gap&quot;:{&quot;unit&quot;:&quot;px&quot;,&quot;size&quot;:28,&quot;sizes&quot;:[]},&quot;pagination_type&quot;:&quot;numbers&quot;,&quot;cards_columns&quot;:&quot;3&quot;,&quot;cards_columns_tablet&quot;:&quot;2&quot;,&quot;cards_columns_mobile&quot;:&quot;1&quot;,&quot;cards_row_gap_tablet&quot;:{&quot;unit&quot;:&quot;px&quot;,&quot;size&quot;:&quot;&quot;,&quot;sizes&quot;:[]},&quot;cards_row_gap_mobile&quot;:{&quot;unit&quot;:&quot;px&quot;,&quot;size&quot;:&quot;&quot;,&quot;sizes&quot;:[]}}\" data-widget_type=\"posts.cards\">\n\t\t\t\t<div class=\"elementor-widget-container\">\n\t\t\t\t\t<div class=\"elementor-posts-container elementor-posts elementor-posts--skin-cards elementor-grid\">\n\t\t\t\t<article class=\"elementor-post elementor-grid-item post-4033 post type-post status-publish format-standard has-post-thumbnail hentry category-equipamentos category-hematologia-equipamentos category-hematologia-vet category-zybio\">\n\t\t\t<div class=\"elementor-post__card\">\n\t\t\t\t<a class=\"elementor-post__thumbnail__link\" href=\"https:\/\/equipdiagnostica.com.br\/global\/z4\/\" tabindex=\"-1\" ><div class=\"elementor-post__thumbnail\"><img fetchpriority=\"high\" decoding=\"async\" width=\"1024\" height=\"724\" src=\"https:\/\/equipdiagnostica.com.br\/global\/wp-content\/uploads\/2025\/08\/Z4VET-\u4fa7\u9762-1-1024x724.png\" class=\"attachment-large size-large wp-image-4293\" alt=\"\" srcset=\"https:\/\/equipdiagnostica.com.br\/global\/wp-content\/uploads\/2025\/08\/Z4VET-\u4fa7\u9762-1-1024x724.png 1024w, https:\/\/equipdiagnostica.com.br\/global\/wp-content\/uploads\/2025\/08\/Z4VET-\u4fa7\u9762-1-300x212.png 300w, https:\/\/equipdiagnostica.com.br\/global\/wp-content\/uploads\/2025\/08\/Z4VET-\u4fa7\u9762-1-768x543.png 768w, https:\/\/equipdiagnostica.com.br\/global\/wp-content\/uploads\/2025\/08\/Z4VET-\u4fa7\u9762-1.png 1200w\" sizes=\"(max-width: 1024px) 100vw, 1024px\" \/><\/div><\/a>\n\t\t\t\t<div class=\"elementor-post__text\">\n\t\t\t\t<h3 class=\"elementor-post__title\">\n\t\t\t<a href=\"https:\/\/equipdiagnostica.com.br\/global\/z4\/\" >\n\t\t\t\tZ4VET\t\t\t<\/a>\n\t\t<\/h3>\n\t\t\t\t<div class=\"elementor-post__excerpt\">\n\t\t\t<p>Z4 VET Analisador de hematologia compacto e poderoso com 4 diff Fale com um especialista agora Desempenho superior O Z4 VET \u00e9 um analisador de<\/p>\n\t\t<\/div>\n\t\t\n\t\t<a class=\"elementor-post__read-more\" href=\"https:\/\/equipdiagnostica.com.br\/global\/z4\/\" aria-label=\"Read more about Z4VET\" tabindex=\"-1\" >\n\t\t\tMais informa\u00e7\u00f5es\t\t<\/a>\n\n\t\t\t\t<\/div>\n\t\t\t\t\t<\/div>\n\t\t<\/article>\n\t\t\t\t<article class=\"elementor-post elementor-grid-item post-3612 post type-post status-publish format-standard has-post-thumbnail hentry category-hematologia-equipamentos category-zybio\">\n\t\t\t<div class=\"elementor-post__card\">\n\t\t\t\t<a class=\"elementor-post__thumbnail__link\" href=\"https:\/\/equipdiagnostica.com.br\/global\/exz-6000\/\" tabindex=\"-1\" ><div class=\"elementor-post__thumbnail\"><img decoding=\"async\" width=\"1024\" height=\"704\" src=\"https:\/\/equipdiagnostica.com.br\/global\/wp-content\/uploads\/2024\/11\/exz6000-1024x704.png\" class=\"attachment-large size-large wp-image-3005\" alt=\"\" srcset=\"https:\/\/equipdiagnostica.com.br\/global\/wp-content\/uploads\/2024\/11\/exz6000-1024x704.png 1024w, https:\/\/equipdiagnostica.com.br\/global\/wp-content\/uploads\/2024\/11\/exz6000-300x206.png 300w, https:\/\/equipdiagnostica.com.br\/global\/wp-content\/uploads\/2024\/11\/exz6000-768x528.png 768w, https:\/\/equipdiagnostica.com.br\/global\/wp-content\/uploads\/2024\/11\/exz6000.png 1138w\" sizes=\"(max-width: 1024px) 100vw, 1024px\" \/><\/div><\/a>\n\t\t\t\t<div class=\"elementor-post__text\">\n\t\t\t\t<h3 class=\"elementor-post__title\">\n\t\t\t<a href=\"https:\/\/equipdiagnostica.com.br\/global\/exz-6000\/\" >\n\t\t\t\tEXZ6000\t\t\t<\/a>\n\t\t<\/h3>\n\t\t\t\t<div class=\"elementor-post__excerpt\">\n\t\t\t<p>Um analisador de Bioqu\u00edmica de ch\u00e3o automatizado<br \/>\npara an\u00e1lises bioqu\u00edmicas para laboratorios m\u00e9dios<br \/>\ne grandes.<\/p>\n\t\t<\/div>\n\t\t\n\t\t<a class=\"elementor-post__read-more\" href=\"https:\/\/equipdiagnostica.com.br\/global\/exz-6000\/\" aria-label=\"Read more about EXZ6000\" tabindex=\"-1\" >\n\t\t\tMais informa\u00e7\u00f5es\t\t<\/a>\n\n\t\t\t\t<\/div>\n\t\t\t\t\t<\/div>\n\t\t<\/article>\n\t\t\t\t<article class=\"elementor-post elementor-grid-item post-2054 post type-post status-publish format-standard has-post-thumbnail hentry category-equipamentos category-hematologia-equipamentos category-zybio\">\n\t\t\t<div class=\"elementor-post__card\">\n\t\t\t\t<a class=\"elementor-post__thumbnail__link\" href=\"https:\/\/equipdiagnostica.com.br\/global\/z52vet\/\" tabindex=\"-1\" ><div class=\"elementor-post__thumbnail\"><img loading=\"lazy\" decoding=\"async\" width=\"1007\" height=\"1024\" src=\"https:\/\/equipdiagnostica.com.br\/global\/wp-content\/uploads\/2022\/06\/Z51VET_right-view-1007x1024.png\" class=\"attachment-large size-large wp-image-2061\" alt=\"\" srcset=\"https:\/\/equipdiagnostica.com.br\/global\/wp-content\/uploads\/2022\/06\/Z51VET_right-view-1007x1024.png 1007w, https:\/\/equipdiagnostica.com.br\/global\/wp-content\/uploads\/2022\/06\/Z51VET_right-view-295x300.png 295w, https:\/\/equipdiagnostica.com.br\/global\/wp-content\/uploads\/2022\/06\/Z51VET_right-view-768x781.png 768w, https:\/\/equipdiagnostica.com.br\/global\/wp-content\/uploads\/2022\/06\/Z51VET_right-view.png 1246w\" sizes=\"(max-width: 1007px) 100vw, 1007px\" \/><\/div><\/a>\n\t\t\t\t<div class=\"elementor-post__text\">\n\t\t\t\t<h3 class=\"elementor-post__title\">\n\t\t\t<a href=\"https:\/\/equipdiagnostica.com.br\/global\/z52vet\/\" >\n\t\t\t\tZ52VET\t\t\t<\/a>\n\t\t<\/h3>\n\t\t\t\t<div class=\"elementor-post__excerpt\">\n\t\t\t<p>Z52 VET Analisador de hematologia\u00a0compacto com diferencial em 5 partes para a sa\u00fade animal Fale com um especialista agora Desempenho superior O Z52 VET foi<\/p>\n\t\t<\/div>\n\t\t\n\t\t<a class=\"elementor-post__read-more\" href=\"https:\/\/equipdiagnostica.com.br\/global\/z52vet\/\" aria-label=\"Read more about Z52VET\" tabindex=\"-1\" >\n\t\t\tMais informa\u00e7\u00f5es\t\t<\/a>\n\n\t\t\t\t<\/div>\n\t\t\t\t\t<\/div>\n\t\t<\/article>\n\t\t\t\t<article class=\"elementor-post elementor-grid-item post-206 post type-post status-publish format-standard has-post-thumbnail hentry category-hematologia-equipamentos category-zybio\">\n\t\t\t<div class=\"elementor-post__card\">\n\t\t\t\t<a class=\"elementor-post__thumbnail__link\" href=\"https:\/\/equipdiagnostica.com.br\/global\/z3zybio\/\" tabindex=\"-1\" ><div class=\"elementor-post__thumbnail\"><img loading=\"lazy\" decoding=\"async\" width=\"300\" height=\"260\" src=\"https:\/\/equipdiagnostica.com.br\/global\/wp-content\/uploads\/2020\/03\/6.jpg\" class=\"attachment-large size-large wp-image-495\" alt=\"\" \/><\/div><\/a>\n\t\t\t\t<div class=\"elementor-post__text\">\n\t\t\t\t<h3 class=\"elementor-post__title\">\n\t\t\t<a href=\"https:\/\/equipdiagnostica.com.br\/global\/z3zybio\/\" >\n\t\t\t\tZ3 Zybio\t\t\t<\/a>\n\t\t<\/h3>\n\t\t\t\t<div class=\"elementor-post__excerpt\">\n\t\t\t<p>Analisador Hematol\u00f3gico 3 Parts Diff <\/p>\n\t\t<\/div>\n\t\t\n\t\t<a class=\"elementor-post__read-more\" href=\"https:\/\/equipdiagnostica.com.br\/global\/z3zybio\/\" aria-label=\"Read more about Z3 Zybio\" tabindex=\"-1\" >\n\t\t\tMais informa\u00e7\u00f5es\t\t<\/a>\n\n\t\t\t\t<\/div>\n\t\t\t\t\t<\/div>\n\t\t<\/article>\n\t\t\t\t<article class=\"elementor-post elementor-grid-item post-156 post type-post status-publish format-standard has-post-thumbnail hentry category-hematologia-equipamentos category-zybio\">\n\t\t\t<div class=\"elementor-post__card\">\n\t\t\t\t<a class=\"elementor-post__thumbnail__link\" href=\"https:\/\/equipdiagnostica.com.br\/global\/z50zybio\/\" tabindex=\"-1\" ><div class=\"elementor-post__thumbnail\"><img loading=\"lazy\" decoding=\"async\" width=\"300\" height=\"260\" src=\"https:\/\/equipdiagnostica.com.br\/global\/wp-content\/uploads\/2020\/03\/5.jpg\" class=\"attachment-large size-large wp-image-496\" alt=\"\" \/><\/div><\/a>\n\t\t\t\t<div class=\"elementor-post__text\">\n\t\t\t\t<h3 class=\"elementor-post__title\">\n\t\t\t<a href=\"https:\/\/equipdiagnostica.com.br\/global\/z50zybio\/\" >\n\t\t\t\tZ50 Zybio\t\t\t<\/a>\n\t\t<\/h3>\n\t\t\t\t<div class=\"elementor-post__excerpt\">\n\t\t\t<p>Analisador Hematol\u00f3gico 5 Parts Diff <\/p>\n\t\t<\/div>\n\t\t\n\t\t<a class=\"elementor-post__read-more\" href=\"https:\/\/equipdiagnostica.com.br\/global\/z50zybio\/\" aria-label=\"Read more about Z50 Zybio\" tabindex=\"-1\" >\n\t\t\tMais informa\u00e7\u00f5es\t\t<\/a>\n\n\t\t\t\t<\/div>\n\t\t\t\t\t<\/div>\n\t\t<\/article>\n\t\t\t\t<\/div>\n\t\t\n\t\t\t\t<\/div>\n\t\t\t\t<\/div>\n\t\t\t\t\t<\/div>\n\t\t<\/div>\n\t\t\t\t\t<\/div>\n\t\t<\/section>\n\t\t\t\t<\/div>\n\t\t","protected":false},"excerpt":{"rendered":"<p>Equipamentos de Hematologia Hematologia<\/p>\n","protected":false},"author":1,"featured_media":0,"parent":0,"menu_order":0,"comment_status":"closed","ping_status":"closed","template":"elementor_header_footer","meta":{"footnotes":""},"class_list":["post-179","page","type-page","status-publish","hentry"],"_links":{"self":[{"href":"https:\/\/equipdiagnostica.com.br\/global\/wp-json\/wp\/v2\/pages\/179","targetHints":{"allow":["GET"]}}],"collection":[{"href":"https:\/\/equipdiagnostica.com.br\/global\/wp-json\/wp\/v2\/pages"}],"about":[{"href":"https:\/\/equipdiagnostica.com.br\/global\/wp-json\/wp\/v2\/types\/page"}],"author":[{"embeddable":true,"href":"https:\/\/equipdiagnostica.com.br\/global\/wp-json\/wp\/v2\/users\/1"}],"replies":[{"embeddable":true,"href":"https:\/\/equipdiagnostica.com.br\/global\/wp-json\/wp\/v2\/comments?post=179"}],"version-history":[{"count":46,"href":"https:\/\/equipdiagnostica.com.br\/global\/wp-json\/wp\/v2\/pages\/179\/revisions"}],"predecessor-version":[{"id":4465,"href":"https:\/\/equipdiagnostica.com.br\/global\/wp-json\/wp\/v2\/pages\/179\/revisions\/4465"}],"wp:attachment":[{"href":"https:\/\/equipdiagnostica.com.br\/global\/wp-json\/wp\/v2\/media?parent=179"}],"curies":[{"name":"wp","href":"https:\/\/api.w.org\/{rel}","templated":true}]}}